{"id":2345,"date":"2024-12-23T21:44:28","date_gmt":"2024-12-23T19:44:28","guid":{"rendered":"http:\/\/www.musikschule-neustadt.eu\/?page_id=2345"},"modified":"2026-03-21T15:16:50","modified_gmt":"2026-03-21T13:16:50","slug":"willkommen","status":"publish","type":"page","link":"https:\/\/www.musikschule-neustadt.eu\/","title":{"rendered":"Aktuelles"},"content":{"rendered":"<h1 style=\"text-align: left; padding-left: 0px;\"><strong>Die Musikschule Neustadt an der Waldnaab: Wo Melodien auf Begeisterung treffen<\/strong><\/h1>\n<p>Die Musikschule Neustadt an der Waldnaab ist mehr als nur eine Bildungseinrichtung \u2013 sie ist ein pulsierendes Zentrum der Gemeinschaft. Mit einer beeindruckenden Vielfalt an musikalischen Angeboten, von klassischem Einzelunterricht bis hin zu lebhaften Ensembles, bietet die Schule allen die M\u00f6glichkeit, ihre musikalischen F\u00e4higkeiten zu entdecken und zu entwickeln.<\/p>\n<p>Jedes Jahr verwandelt sich der Stadtplatz in ein Winterwunderland, wenn die Musikschule ihren allj\u00e4hrlichen Weihnachtsmarkt abh\u00e4lt. Dieses festliche Ereignis, das Musik, Spa\u00df und Gemeinschaft vereint, ist ein H\u00f6hepunkt im Kalender der Stadt und ein Beweis f\u00fcr die lebendige und dynamische Rolle, die die Musikschule in der Gemeinde spielt.<\/p>\n<p>Mit mehr als 500 Sch\u00fclerinnen und Sch\u00fcler von Kindern bis zu Erwachsenen, ist die Musikschule ein wichtiger Bestandteil der Gemeinde. Sie ist ein Ort, an dem Musik nicht nur geh\u00f6rt, sondern auch gelernt wird. Sie ist ein Ort, an dem Leidenschaften entfacht, Talente gef\u00f6rdert und Tr\u00e4ume verwirklicht werden.<\/p>\n<p>Die Musikschule Neustadt an der Waldnaab ist eine Musikschule, wo Melodien auf Begeisterung treffen.<\/p>\n<hr \/>\n<h3 style=\"padding-left: 40px;\"><\/h3>\n<p style=\"text-align: left;\"><\/p>\n<hr \/>\n<h2 style=\"text-align: left;\"><\/h2>\n<hr \/>\n<h2 style=\"text-align: left;\"><ul class=\"display-posts-listing\"><li class=\"listing-item\"><a class=\"title\" href=\"https:\/\/www.musikschule-neustadt.eu\/?p=63\">Veranstaltungsprogramm<\/a> <span class=\"excerpt-dash\">-<\/span> <span class=\"excerpt\">Veranstaltungen der Musikschule Neustadt an der Waldnaab<\/span><\/li><\/ul><\/h2>\n<hr \/>\n<div><\/div>\n<h3 style=\"text-align: left;\">Kommende Veranstaltungen:<\/h3>\n<p style=\"text-align: left;\"><div class=\"em em-view-container\" id=\"em-view-1361272262\" data-view=\"list\">\r\n\t<div class=\"em pixelbones em-list em-events-list\" id=\"em-events-list-1361272262\" data-view-id=\"1361272262\">\r\n\t<div class=\"em-event em-item \" style=\"--default-border:#_CATEGORYCOLOR;\">\n\t<div class=\"em-item-image has-placeholder\">\n\t\t\n\t\t\n\t\t<div class=\"em-item-image-placeholder\">\n\t\t\t<div class=\"date\">\n\t\t\t\t<span class=\"day\">22<\/span>\n\t\t\t\t<span class=\"month\">Apr.<\/span>\n\t\t\t<\/div>\n\t\t<\/div>\n\t\t\n\t<\/div>\n\t<div class=\"em-item-info\">\n\t\t<h3 class=\"em-item-title\"><a href=\"https:\/\/www.musikschule-neustadt.eu\/?event=sportlerehrung-der-stadt-neustadt-an-der-waldnaab\">Sportlerehrung der Stadt Neustadt an der Waldnaab<\/a><\/h3>\n\t\t\n\t\t<div class=\"em-event-meta em-item-meta\">\n\t\t\t<div class=\"em-item-meta-line em-event-date em-event-meta-datetime\">\n\t\t\t\t<span class=\"em-icon-calendar em-icon\"><\/span>\n\t\t\t\t22. April 2026&nbsp;&nbsp;&nbsp;&nbsp;\n\t\t\t<\/div>\n\t\t\t<div class=\"em-item-meta-line em-event-time em-event-meta-datetime\">\n\t\t\t\t<span class=\"em-icon-clock em-icon\"><\/span>\n\t\t\t\t18:15 - 20:00\n\t\t\t<\/div>\n\t\t\t\n\t\t\t\n\t\t\t\n\t\t\t\n\t\t\t\n\t\t<\/div>\n\t\t<div class=\"em-item-desc\">\n\t\t\tGruppe: Bl\u00e4ser-Ensemble | Abfahrt 17.30 Uhr | Ort: Stadthalle | Musik ab 18.15 Uhr, Ehrung und festliches Essen ab 18.30 Uhr Das Bl\u00e4ser-Ensemble umrahmt die [...]\n\t\t<\/div>\n\t\t<div class=\"em-item-actions input\">\n\t\t\t<a class=\"em-item-read-more button\" href=\"https:\/\/www.musikschule-neustadt.eu\/?event=sportlerehrung-der-stadt-neustadt-an-der-waldnaab\">Weitere Informationen<\/a>\n\t\t\t\n\t\t<\/div>\n\t<\/div>\n<\/div><div class=\"em-event em-item \" style=\"--default-border:#_CATEGORYCOLOR;\">\n\t<div class=\"em-item-image has-placeholder\">\n\t\t\n\t\t\n\t\t<div class=\"em-item-image-placeholder\">\n\t\t\t<div class=\"date\">\n\t\t\t\t<span class=\"day\">25<\/span>\n\t\t\t\t<span class=\"month\">Apr.<\/span>\n\t\t\t<\/div>\n\t\t<\/div>\n\t\t\n\t<\/div>\n\t<div class=\"em-item-info\">\n\t\t<h3 class=\"em-item-title\"><a href=\"https:\/\/www.musikschule-neustadt.eu\/?event=tag-der-oberpfaelzer-musikschulen\">Tag der Oberpf\u00e4lzer Musikschulen<\/a><\/h3>\n\t\t\n\t\t<div class=\"em-event-meta em-item-meta\">\n\t\t\t<div class=\"em-item-meta-line em-event-date em-event-meta-datetime\">\n\t\t\t\t<span class=\"em-icon-calendar em-icon\"><\/span>\n\t\t\t\t25. April 2026&nbsp;&nbsp;&nbsp;&nbsp;\n\t\t\t<\/div>\n\t\t\t<div class=\"em-item-meta-line em-event-time em-event-meta-datetime\">\n\t\t\t\t<span class=\"em-icon-clock em-icon\"><\/span>\n\t\t\t\t00:00\n\t\t\t<\/div>\n\t\t\t\n\t\t\t\n\t\t\t\n\t\t\t\n\t\t\t\n\t\t<\/div>\n\t\t<div class=\"em-item-desc\">\n\t\t\tGruppe: Musikschule | Ganzt\u00e4gige Veranstaltung | Ort: Stadthalle Cham | Musikschulen aus der gesamten Region pr\u00e4sentieren ihre Arbeit und erm\u00f6glichen einen k\u00fcnstlerischen Austausch.\n\t\t<\/div>\n\t\t<div class=\"em-item-actions input\">\n\t\t\t<a class=\"em-item-read-more button\" href=\"https:\/\/www.musikschule-neustadt.eu\/?event=tag-der-oberpfaelzer-musikschulen\">Weitere Informationen<\/a>\n\t\t\t\n\t\t<\/div>\n\t<\/div>\n<\/div><div class=\"em-event em-item \" style=\"--default-border:#_CATEGORYCOLOR;\">\n\t<div class=\"em-item-image has-placeholder\">\n\t\t\n\t\t\n\t\t<div class=\"em-item-image-placeholder\">\n\t\t\t<div class=\"date\">\n\t\t\t\t<span class=\"day\">26<\/span>\n\t\t\t\t<span class=\"month\">Apr.<\/span>\n\t\t\t<\/div>\n\t\t<\/div>\n\t\t\n\t<\/div>\n\t<div class=\"em-item-info\">\n\t\t<h3 class=\"em-item-title\"><a href=\"https:\/\/www.musikschule-neustadt.eu\/?event=buecherbasar-lesen-fuer-einen-guten-zweck-2\">B\u00fccherbasar - Lesen f\u00fcr einen guten Zweck<\/a><\/h3>\n\t\t\n\t\t<div class=\"em-event-meta em-item-meta\">\n\t\t\t<div class=\"em-item-meta-line em-event-date em-event-meta-datetime\">\n\t\t\t\t<span class=\"em-icon-calendar em-icon\"><\/span>\n\t\t\t\t26. April 2026&nbsp;&nbsp;&nbsp;&nbsp;\n\t\t\t<\/div>\n\t\t\t<div class=\"em-item-meta-line em-event-time em-event-meta-datetime\">\n\t\t\t\t<span class=\"em-icon-clock em-icon\"><\/span>\n\t\t\t\t11:00 - 17:00\n\t\t\t<\/div>\n\t\t\t\n\t\t\t\n\t\t\t\n\t\t\t\n\t\t\t\n\t\t<\/div>\n\t\t<div class=\"em-item-desc\">\n\t\t\tGruppen: Kreativteam, Stadtkapelle, Musikalische Fr\u00fcherziehung, Kinderchor, Percussions-Ensemble | Motto: \u201eKunterbunt \u2013 mal wieder Kind sein\" | Treffpunkt 10.00 Uhr Stadtkapelle Wurz | Zeit: 11.00\u201317.00 Uhr [...]\n\t\t<\/div>\n\t\t<div class=\"em-item-actions input\">\n\t\t\t<a class=\"em-item-read-more button\" href=\"https:\/\/www.musikschule-neustadt.eu\/?event=buecherbasar-lesen-fuer-einen-guten-zweck-2\">Weitere Informationen<\/a>\n\t\t\t\n\t\t<\/div>\n\t<\/div>\n<\/div>\t<\/div>\r\n<\/div><\/p>\n<hr \/>\n<hr \/>\n<p>&nbsp;<\/p>\n","protected":false},"excerpt":{"rendered":"<p>Die Musikschule Neustadt an der Waldnaab: Wo Melodien auf Begeisterung treffen Die Musikschule Neustadt an der Waldnaab ist mehr als nur eine Bildungseinrichtung \u2013 sie ist ein pulsierendes Zentrum der Gemeinschaft. Mit einer beeindruckenden Vielfalt an musikalischen Angeboten, von klassischem Einzelunterricht bis hin zu lebhaften Ensembles, bietet die Schule allen die M\u00f6glichkeit, ihre musikalischen F\u00e4higkeiten [&hellip;]<\/p>\n","protected":false},"author":1,"featured_media":0,"parent":0,"menu_order":0,"comment_status":"closed","ping_status":"closed","template":"","meta":{"_uag_custom_page_level_css":"","footnotes":""},"class_list":["post-2345","page","type-page","status-publish","hentry","post"],"uagb_featured_image_src":{"full":false,"thumbnail":false,"medium":false,"medium_large":false,"large":false,"1536x1536":false,"2048x2048":false,"post-thumbnail":false,"vantage-thumbnail-no-sidebar":false,"vantage-slide":false,"vantage-carousel":false,"vantage-grid-loop":false},"uagb_author_info":{"display_name":"Sebastian","author_link":"https:\/\/www.musikschule-neustadt.eu\/?author=1"},"uagb_comment_info":0,"uagb_excerpt":"Die Musikschule Neustadt an der Waldnaab: Wo Melodien auf Begeisterung treffen Die Musikschule Neustadt an der Waldnaab ist mehr als nur eine Bildungseinrichtung \u2013 sie ist ein pulsierendes Zentrum der Gemeinschaft. Mit einer beeindruckenden Vielfalt an musikalischen Angeboten, von klassischem Einzelunterricht bis hin zu lebhaften Ensembles, bietet die Schule allen die M\u00f6glichkeit, ihre musikalischen F\u00e4higkeiten&hellip;","_links":{"self":[{"href":"https:\/\/www.musikschule-neustadt.eu\/index.php?rest_route=\/wp\/v2\/pages\/2345","targetHints":{"allow":["GET"]}}],"collection":[{"href":"https:\/\/www.musikschule-neustadt.eu\/index.php?rest_route=\/wp\/v2\/pages"}],"about":[{"href":"https:\/\/www.musikschule-neustadt.eu\/index.php?rest_route=\/wp\/v2\/types\/page"}],"author":[{"embeddable":true,"href":"https:\/\/www.musikschule-neustadt.eu\/index.php?rest_route=\/wp\/v2\/users\/1"}],"replies":[{"embeddable":true,"href":"https:\/\/www.musikschule-neustadt.eu\/index.php?rest_route=%2Fwp%2Fv2%2Fcomments&post=2345"}],"version-history":[{"count":9,"href":"https:\/\/www.musikschule-neustadt.eu\/index.php?rest_route=\/wp\/v2\/pages\/2345\/revisions"}],"predecessor-version":[{"id":3342,"href":"https:\/\/www.musikschule-neustadt.eu\/index.php?rest_route=\/wp\/v2\/pages\/2345\/revisions\/3342"}],"wp:attachment":[{"href":"https:\/\/www.musikschule-neustadt.eu\/index.php?rest_route=%2Fwp%2Fv2%2Fmedia&parent=2345"}],"curies":[{"name":"wp","href":"https:\/\/api.w.org\/{rel}","templated":true}]}}