{"id":35,"date":"2010-02-24T00:03:01","date_gmt":"2010-02-24T00:03:01","guid":{"rendered":"http:\/\/musikschuleneustadt.wordpress.com\/?page_id=35"},"modified":"2025-12-17T23:25:02","modified_gmt":"2025-12-17T21:25:02","slug":"sie-suchen-contakt","status":"publish","type":"page","link":"https:\/\/www.musikschule-neustadt.eu\/?page_id=35","title":{"rendered":"Impressum"},"content":{"rendered":"<p>Angaben gem\u00e4\u00df \u00a7 5 DDG:<br \/>\nMusikschule Neustadt an der Waldnaab e. V.<br \/>\nAm Hofgarten 1<br \/>\n92660 Neustadt an der Waldnaab<\/p>\n<p><iframe style=\"border: 1px solid black;\" src=\"https:\/\/www.openstreetmap.org\/export\/embed.html?bbox=12.173028588294983%2C49.7293981591503%2C12.176936566829683%2C49.730695005932866&amp;layer=mapnik&amp;marker=49.73004658764505%2C12.174983738276751\" width=\"425\" height=\"350\"><\/iframe><br \/>\n<small><a href=\"https:\/\/www.openstreetmap.org\/?mlat=49.730047&amp;mlon=12.174984#map=19\/49.730047\/12.174983\">Gr\u00f6\u00dfere Karte anzeigen<\/a><\/small><\/p>\n<hr \/>\n<p>Kontakt:<\/p>\n<p>B\u00fcro der Musikschule:<br \/>\nTel.: 09602 918419<\/p>\n<hr \/>\n<p>Leiter der Musikschule:<br \/>\nKarl Wildenauer<br \/>\nRabuskyweg 3<br \/>\n92660 Neustadt a. d. Waldnaab<br \/>\nE-mail: karl.wildenauer@t-online.de<\/p>\n<p>Tel.: 09602 2122<\/p>\n<hr \/>\n<p>Vorsitzender des Tr\u00e4gervereins:<br \/>\nReinhold Schwarzmeier<br \/>\nTulpenstrasse 5<br \/>\n92660 Neustadt a. d. Waldnaab<br \/>\nTel.: 09602 1796<\/p>\n<hr \/>\n<p>Registereintrag:<br \/>\nEintragung im Vereinsregister beim Registergericht in Weiden i. d. Oberpfalz unter Nr. VR 302<br \/>\nUmsatzsteuer-ID:<br \/>\nUmsatzsteuer-Identifikationsnummer gem\u00e4\u00df \u00a727 a Umsatzsteuergesetz:<br \/>\n255\/109\/90105<\/p>\n<p>Plattform der Europ\u00e4ischen Kommission zur Online-Streitbeilegung (OS) f\u00fcr Verbraucher:\u00a0https:\/\/ec.europa.eu\/consumers\/odr\/. Wir sind nicht bereit und nicht verpflichtet, an einem Streitbeilegungsverfahren vor einer Verbraucherschlichtungsstelle teilzunehmen.<\/p>\n<p>Trotz sorgf\u00e4ltiger inhaltlicher Kontrolle \u00fcbernehmen wir keine Haftung f\u00fcr die Inhalte externer Links. F\u00fcr den Inhalt der verlinkten Seiten sind ausschlie\u00dflich deren Betreiber verantwortlich.<\/p>\n","protected":false},"excerpt":{"rendered":"<p>Angaben gem\u00e4\u00df \u00a7 5 DDG: Musikschule Neustadt an der Waldnaab e. V. Am Hofgarten 1 92660 Neustadt an der Waldnaab Gr\u00f6\u00dfere Karte anzeigen Kontakt: B\u00fcro der Musikschule: Tel.: 09602 918419 Leiter der Musikschule: Karl Wildenauer Rabuskyweg 3 92660 Neustadt a. d. Waldnaab E-mail: karl.wildenauer@t-online.de Tel.: 09602 2122 Vorsitzender des Tr\u00e4gervereins: Reinhold Schwarzmeier Tulpenstrasse 5 92660 [&hellip;]<\/p>\n","protected":false},"author":1,"featured_media":0,"parent":0,"menu_order":0,"comment_status":"closed","ping_status":"open","template":"","meta":{"_uag_custom_page_level_css":"","footnotes":""},"class_list":["post-35","page","type-page","status-publish","hentry","post"],"uagb_featured_image_src":{"full":false,"thumbnail":false,"medium":false,"medium_large":false,"large":false,"1536x1536":false,"2048x2048":false,"post-thumbnail":false,"vantage-thumbnail-no-sidebar":false,"vantage-slide":false,"vantage-carousel":false,"vantage-grid-loop":false},"uagb_author_info":{"display_name":"Sebastian","author_link":"https:\/\/www.musikschule-neustadt.eu\/?author=1"},"uagb_comment_info":0,"uagb_excerpt":"Angaben gem\u00e4\u00df \u00a7 5 DDG: Musikschule Neustadt an der Waldnaab e. V. Am Hofgarten 1 92660 Neustadt an der Waldnaab Gr\u00f6\u00dfere Karte anzeigen Kontakt: B\u00fcro der Musikschule: Tel.: 09602 918419 Leiter der Musikschule: Karl Wildenauer Rabuskyweg 3 92660 Neustadt a. d. Waldnaab E-mail: karl.wildenauer@t-online.de Tel.: 09602 2122 Vorsitzender des Tr\u00e4gervereins: Reinhold Schwarzmeier Tulpenstrasse 5 92660&hellip;","_links":{"self":[{"href":"https:\/\/www.musikschule-neustadt.eu\/index.php?rest_route=\/wp\/v2\/pages\/35","targetHints":{"allow":["GET"]}}],"collection":[{"href":"https:\/\/www.musikschule-neustadt.eu\/index.php?rest_route=\/wp\/v2\/pages"}],"about":[{"href":"https:\/\/www.musikschule-neustadt.eu\/index.php?rest_route=\/wp\/v2\/types\/page"}],"author":[{"embeddable":true,"href":"https:\/\/www.musikschule-neustadt.eu\/index.php?rest_route=\/wp\/v2\/users\/1"}],"replies":[{"embeddable":true,"href":"https:\/\/www.musikschule-neustadt.eu\/index.php?rest_route=%2Fwp%2Fv2%2Fcomments&post=35"}],"version-history":[{"count":2,"href":"https:\/\/www.musikschule-neustadt.eu\/index.php?rest_route=\/wp\/v2\/pages\/35\/revisions"}],"predecessor-version":[{"id":3264,"href":"https:\/\/www.musikschule-neustadt.eu\/index.php?rest_route=\/wp\/v2\/pages\/35\/revisions\/3264"}],"wp:attachment":[{"href":"https:\/\/www.musikschule-neustadt.eu\/index.php?rest_route=%2Fwp%2Fv2%2Fmedia&parent=35"}],"curies":[{"name":"wp","href":"https:\/\/api.w.org\/{rel}","templated":true}]}}