{"id":40,"date":"2010-02-24T00:04:49","date_gmt":"2010-02-23T22:04:49","guid":{"rendered":"http:\/\/musikschuleneustadt.wordpress.com\/gebuhren\/"},"modified":"2022-01-18T01:09:34","modified_gmt":"2022-01-17T23:09:34","slug":"unterrichtsgebuhren-und-mitgliedsbeitra","status":"publish","type":"page","link":"https:\/\/www.musikschule-neustadt.eu\/?page_id=40","title":{"rendered":"Unterrichtsgeb\u00fchren und Mitgliedsbeitrag"},"content":{"rendered":"<p>Die Unterrichtsgeb\u00fchren, welche letzmalig im Mai 2005 beschlossen wurden, m\u00fcssen ab 1. Januar 2014 zur Sicherung der Qualit\u00e4t der Musikausbildung erh\u00f6ht werden.<br \/>\nDies hat die Vorstandschaft der Musikschule am 17. Dezember 2013 beschlossen.<\/p>\n<p>Am 1. Januar 2014 gelten folgende Geb\u00fchren:<\/p>\n<table border=\"1\" cellspacing=\"0\" cellpadding=\"0\">\n<tbody>\n<tr>\n<td valign=\"top\" width=\"224\">Beitr\u00e4ge in Euro<\/td>\n<td valign=\"top\" width=\"72\">1. Kind<\/td>\n<td valign=\"top\" width=\"72\">2. Kind<\/td>\n<td valign=\"top\" width=\"68\">3. Kind<\/td>\n<td valign=\"top\" width=\"68\">4. Kind<\/td>\n<\/tr>\n<tr>\n<td valign=\"top\" width=\"224\"><\/td>\n<td valign=\"top\" width=\"72\"><\/td>\n<td valign=\"top\" width=\"72\"><\/td>\n<td valign=\"top\" width=\"68\"><\/td>\n<td valign=\"top\" width=\"68\"><\/td>\n<\/tr>\n<tr>\n<td valign=\"top\" width=\"224\">Musikalische Fr\u00fcherziehung<\/td>\n<td style=\"text-align: right;\" valign=\"top\" width=\"72\">24,&#8211;<\/td>\n<td style=\"text-align: right;\" valign=\"top\" width=\"72\">18,&#8211;<\/td>\n<td style=\"text-align: right;\" valign=\"top\" width=\"68\">12,&#8211;<\/td>\n<td style=\"text-align: right;\" valign=\"top\" width=\"68\">6,&#8211;<\/td>\n<\/tr>\n<tr>\n<td valign=\"top\" width=\"224\">Einzelunterricht 3\/4 Stunde<\/td>\n<td style=\"text-align: right;\" valign=\"top\" width=\"72\">78,&#8211;<\/td>\n<td style=\"text-align: right;\" valign=\"top\" width=\"72\">59,&#8211;<\/td>\n<td style=\"text-align: right;\" valign=\"top\" width=\"68\">39,&#8211;<\/td>\n<td style=\"text-align: right;\" valign=\"top\" width=\"68\">20,&#8211;<\/td>\n<\/tr>\n<tr>\n<td valign=\"top\" width=\"224\">Einzelunterricht 1\/2 Stunde<\/td>\n<td style=\"text-align: right;\" valign=\"top\" width=\"72\">52,&#8211;<\/td>\n<td style=\"text-align: right;\" valign=\"top\" width=\"72\">39,&#8211;<\/td>\n<td style=\"text-align: right;\" valign=\"top\" width=\"68\">26,&#8211;<\/td>\n<td style=\"text-align: right;\" valign=\"top\" width=\"68\">13,&#8211;<\/td>\n<\/tr>\n<tr>\n<td valign=\"top\" width=\"224\">Gruppenunterricht<\/td>\n<td style=\"text-align: right;\" valign=\"top\" width=\"72\">36,&#8211;<\/td>\n<td style=\"text-align: right;\" valign=\"top\" width=\"72\">27,&#8211;<\/td>\n<td style=\"text-align: right;\" valign=\"top\" width=\"68\">18,&#8211;<\/td>\n<td style=\"text-align: right;\" valign=\"top\" width=\"68\">9,&#8211;<\/td>\n<\/tr>\n<tr>\n<td valign=\"top\" width=\"224\">Ensemble<\/td>\n<td style=\"text-align: right;\" valign=\"top\" width=\"72\">12,&#8211;<\/td>\n<td style=\"text-align: right;\" valign=\"top\" width=\"72\">9,&#8211;<\/td>\n<td style=\"text-align: right;\" valign=\"top\" width=\"68\">6,&#8211;<\/td>\n<td style=\"text-align: right;\" valign=\"top\" width=\"68\">3,&#8211;<\/td>\n<\/tr>\n<tr>\n<td valign=\"top\" width=\"224\">Veehharfen-Unterricht<\/td>\n<td style=\"text-align: right;\" valign=\"top\" width=\"72\">12,&#8211;<\/td>\n<td style=\"text-align: right;\" valign=\"top\" width=\"72\">9,&#8211;<\/td>\n<td style=\"text-align: right;\" valign=\"top\" width=\"68\">6,&#8211;<\/td>\n<td style=\"text-align: right;\" valign=\"top\" width=\"68\">3,&#8211;<\/td>\n<\/tr>\n<\/tbody>\n<\/table>\n<p>Die Unterrichtsgeb\u00fchren sind das ganze Schuljahr bis einschliesslich August zu entrichten. Der Mitgliedsbeitrag in H\u00f6he von j\u00e4hrlich 18,&#8211; Euro oder von monatlich 1,50 Euro zum Unterrichtsbeitrag, hat sich nicht ge\u00e4ndert.<\/p>\n<p>Abmeldungen sind in der Regel nur zum Schuljahresende m\u00f6glich und m\u00fcssen bis sp\u00e4testens 30. Juni <span style=\"text-decoration: underline;\">schriftlich<\/span> vorliegen.<\/p>\n<p>Die oben angegebene Mehrbelegungsstaffel ist die familienfreundlichste in ganz Bayern (2. Kind 75 %, 3. Kind 50 %, 4. Kind 25 % )<\/p>\n","protected":false},"excerpt":{"rendered":"<p>Die Unterrichtsgeb\u00fchren, welche letzmalig im Mai 2005 beschlossen wurden, m\u00fcssen ab 1. Januar 2014 zur Sicherung der Qualit\u00e4t der Musikausbildung erh\u00f6ht werden. Dies hat die Vorstandschaft der Musikschule am 17. Dezember 2013 beschlossen. Am 1. Januar 2014 gelten folgende Geb\u00fchren: Beitr\u00e4ge in Euro 1. Kind 2. Kind 3. Kind 4. Kind Musikalische Fr\u00fcherziehung 24,&#8211; 18,&#8211; [&hellip;]<\/p>\n","protected":false},"author":1,"featured_media":0,"parent":0,"menu_order":0,"comment_status":"closed","ping_status":"closed","template":"","meta":{"_uag_custom_page_level_css":"","footnotes":""},"class_list":["post-40","page","type-page","status-publish","hentry","post"],"uagb_featured_image_src":{"full":false,"thumbnail":false,"medium":false,"medium_large":false,"large":false,"1536x1536":false,"2048x2048":false,"post-thumbnail":false,"vantage-thumbnail-no-sidebar":false,"vantage-slide":false,"vantage-carousel":false,"vantage-grid-loop":false},"uagb_author_info":{"display_name":"Sebastian","author_link":"https:\/\/www.musikschule-neustadt.eu\/?author=1"},"uagb_comment_info":0,"uagb_excerpt":"Die Unterrichtsgeb\u00fchren, welche letzmalig im Mai 2005 beschlossen wurden, m\u00fcssen ab 1. Januar 2014 zur Sicherung der Qualit\u00e4t der Musikausbildung erh\u00f6ht werden. Dies hat die Vorstandschaft der Musikschule am 17. Dezember 2013 beschlossen. Am 1. Januar 2014 gelten folgende Geb\u00fchren: Beitr\u00e4ge in Euro 1. Kind 2. Kind 3. Kind 4. Kind Musikalische Fr\u00fcherziehung 24,&#8211; 18,&#8211;&hellip;","_links":{"self":[{"href":"https:\/\/www.musikschule-neustadt.eu\/index.php?rest_route=\/wp\/v2\/pages\/40","targetHints":{"allow":["GET"]}}],"collection":[{"href":"https:\/\/www.musikschule-neustadt.eu\/index.php?rest_route=\/wp\/v2\/pages"}],"about":[{"href":"https:\/\/www.musikschule-neustadt.eu\/index.php?rest_route=\/wp\/v2\/types\/page"}],"author":[{"embeddable":true,"href":"https:\/\/www.musikschule-neustadt.eu\/index.php?rest_route=\/wp\/v2\/users\/1"}],"replies":[{"embeddable":true,"href":"https:\/\/www.musikschule-neustadt.eu\/index.php?rest_route=%2Fwp%2Fv2%2Fcomments&post=40"}],"version-history":[{"count":0,"href":"https:\/\/www.musikschule-neustadt.eu\/index.php?rest_route=\/wp\/v2\/pages\/40\/revisions"}],"wp:attachment":[{"href":"https:\/\/www.musikschule-neustadt.eu\/index.php?rest_route=%2Fwp%2Fv2%2Fmedia&parent=40"}],"curies":[{"name":"wp","href":"https:\/\/api.w.org\/{rel}","templated":true}]}}